{"id":89,"date":"2015-03-24T14:52:23","date_gmt":"2015-03-24T13:52:23","guid":{"rendered":"http:\/\/friseur-rosenberg.de\/tibet\/?page_id=89"},"modified":"2017-05-07T21:48:14","modified_gmt":"2017-05-07T19:48:14","slug":"patenschaften","status":"publish","type":"page","link":"http:\/\/friseur-rosenberg.de\/tibet\/patenschaften\/","title":{"rendered":"Patenschaften"},"content":{"rendered":"<p><img loading=\"lazy\" class=\"alignleft size-full wp-image-90\" src=\"http:\/\/www.licht-fuer-tibet.de\/wp-content\/uploads\/2015\/03\/patenschaften.jpg\" alt=\"patenschaften\" width=\"210\" height=\"280\" \/><strong>Eine Patenschaft ist eine besondere M\u00f6glichkeit, um aktiv zu helfen und zu ver\u00e4ndern:<br \/>\n<span style=\"color: #b93333;\">Sie sichern ihrem Patenkind mit nur 25,00 Euro im Monat ganz grundlegende Dinge, wie zum Beispiel die Schulbildung, Ern\u00e4hrung, medizinische Versorgung und Unterkunft.<\/strong><\/span><\/p>\n<p>Falls Sie sich f\u00fcr eine Patenschaft entscheiden, bitte bedenken Sie, dass sich im Laufe der Jahre eine enge und segensreiche Bindung, die f\u00fcr beide Seiten von gro\u00dfem Wert sein kann, bildet. Darum ist es wichtig, diese Beziehung langfristig zu f\u00f6rdern.<br \/>\nSofern Sie es m\u00f6chten, k\u00f6nnen Sie mit der Person, die Sie unterst\u00fctzen, in Kontakt treten. Sie erhalten von uns ein Kontaktformular mit Foto und pers\u00f6nlichen Daten ihres Sch\u00fctzlings. Sollten Sie Interesse an einer Patenschaft haben, senden Sie bitte das ausgef\u00fcllte Formular an uns zur\u00fcck. Wir setzen uns umgehend mit Ihnen in Verbindung und senden Ihnen alle Informationen sowie einen konkretes Angebot f\u00fcr eine Patenschaft zu.<br \/>\nWir reisen einmal im Jahr nach Nordindien um Ihre Spende bzw. das Patengeld zu 100 % zu \u00fcberbringen. Dadurch werden die Kontakte intensiviert und wir erkundigen uns pers\u00f6nlich um die individuellen Bed\u00fcrfnisse. In unserer Fotogalerie finden Sie Bilder von \u00dcbergaben der Spendengelder. <a title=\"Patenschaften\" href=\"http:\/\/www.licht-fuer-tibet.de\/patenschaften\/\">Patenschaft beantragen<\/a><\/p>\n<h4>Notfall Patenschaften<\/h4>\n<p>Es gibt auch die M\u00f6glichkeit, eine Notfall-Patenschaft zu \u00fcbernehmen. Die Spendengelder werden f\u00fcr Notf\u00e4lle verwendet, wie beispielsweise beim Ausfall eines Sponsors oder bei akuter Erkrankung eines Familienmitglieds.<\/p>\n<h4>Geldspenden f\u00fcr Projektarbeit<\/h4>\n<p>Gerne k\u00f6nnen Sie auch auf unser Vereinskonto Spenden einzahlen, damit wir gezielt Projekte in Angriff nehmen k\u00f6nnen, die uns sehr am Herzen liegen, wie beispielsweise die Errichtung von Frischwasserbrunnen, die Unterhaltung eines Altenheimes in Indien oder eines Zentrums f\u00fcr Tibeter in Deutschland. Die Spendengelder werden auch verwendet, um auf pl\u00f6tzliche Notf\u00e4lle reagieren zu k\u00f6nnen, wie beispilesweise dringende Operationen.<\/p>\n<h4>Spendenquittung<\/h4>\n<p>Selbstverst\u00e4ndlich werden wir f\u00fcr jede Spende eine Spendenquittung f\u00fcr Sie ausstellen. Geben Sie uns dazu Ihre vollst\u00e4ndige Adresse an.<\/p>\n","protected":false},"excerpt":{"rendered":"<p>Eine Patenschaft ist eine besondere M\u00f6glichkeit, um aktiv zu helfen und zu ver\u00e4ndern: Sie sichern ihrem Patenkind mit nur 25,00 Euro im Monat ganz grundlegende Dinge, wie zum Beispiel die Schulbildung, Ern\u00e4hrung, medizinische Versorgung und Unterkunft. Falls Sie sich f\u00fcr eine Patenschaft entscheiden, bitte bedenken Sie, dass sich im Laufe der Jahre eine enge und<a class=\"read-more \" href=\"http:\/\/friseur-rosenberg.de\/tibet\/patenschaften\/\" title=\"Read More\"> <span class=\"button default\">Read More<\/span><\/a><\/p>\n","protected":false},"author":1,"featured_media":0,"parent":0,"menu_order":3,"comment_status":"closed","ping_status":"closed","template":"template-left-sidebar.php","meta":{"ngg_post_thumbnail":0},"yoast_head":"<!-- This site is optimized with the Yoast SEO plugin v15.5 - https:\/\/yoast.com\/wordpress\/plugins\/seo\/ -->\n<title>Patenschaften - Licht f\u00fcr Tibet e. V.<\/title>\n<meta name=\"robots\" content=\"index, follow, max-snippet:-1, max-image-preview:large, max-video-preview:-1\" \/>\n<link rel=\"canonical\" href=\"http:\/\/www.licht-fuer-tibet.de\/patenschaften\/\" \/>\n<meta property=\"og:locale\" content=\"de_DE\" \/>\n<meta property=\"og:type\" content=\"article\" \/>\n<meta property=\"og:title\" content=\"Patenschaften - Licht f\u00fcr Tibet e. V.\" \/>\n<meta property=\"og:description\" content=\"Eine Patenschaft ist eine besondere M\u00f6glichkeit, um aktiv zu helfen und zu ver\u00e4ndern: Sie sichern ihrem Patenkind mit nur 25,00 Euro im Monat ganz grundlegende Dinge, wie zum Beispiel die Schulbildung, Ern\u00e4hrung, medizinische Versorgung und Unterkunft. Falls Sie sich f\u00fcr eine Patenschaft entscheiden, bitte bedenken Sie, dass sich im Laufe der Jahre eine enge und Read More\" \/>\n<meta property=\"og:url\" content=\"http:\/\/www.licht-fuer-tibet.de\/patenschaften\/\" \/>\n<meta property=\"og:site_name\" content=\"Licht f\u00fcr Tibet e. V.\" \/>\n<meta property=\"article:modified_time\" content=\"2017-05-07T19:48:14+00:00\" \/>\n<meta property=\"og:image\" content=\"http:\/\/www.licht-fuer-tibet.de\/wp-content\/uploads\/2015\/03\/patenschaften.jpg\" \/>\n<meta name=\"twitter:card\" content=\"summary_large_image\" \/>\n<meta name=\"twitter:label1\" content=\"Gesch\u00e4tzte Lesezeit\">\n\t<meta name=\"twitter:data1\" content=\"1\u00a0Minute\">\n<script type=\"application\/ld+json\" class=\"yoast-schema-graph\">{\"@context\":\"https:\/\/schema.org\",\"@graph\":[{\"@type\":\"WebSite\",\"@id\":\"http:\/\/www.licht-fuer-tibet.de\/#website\",\"url\":\"http:\/\/www.licht-fuer-tibet.de\/\",\"name\":\"Licht f\\u00fcr Tibet e. V.\",\"description\":\"\",\"potentialAction\":[{\"@type\":\"SearchAction\",\"target\":\"http:\/\/www.licht-fuer-tibet.de\/?s={search_term_string}\",\"query-input\":\"required name=search_term_string\"}],\"inLanguage\":\"de\"},{\"@type\":\"ImageObject\",\"@id\":\"http:\/\/www.licht-fuer-tibet.de\/patenschaften\/#primaryimage\",\"inLanguage\":\"de\",\"url\":\"http:\/\/www.licht-fuer-tibet.de\/wp-content\/uploads\/2015\/03\/patenschaften.jpg\"},{\"@type\":\"WebPage\",\"@id\":\"http:\/\/www.licht-fuer-tibet.de\/patenschaften\/#webpage\",\"url\":\"http:\/\/www.licht-fuer-tibet.de\/patenschaften\/\",\"name\":\"Patenschaften - Licht f\\u00fcr Tibet e. V.\",\"isPartOf\":{\"@id\":\"http:\/\/www.licht-fuer-tibet.de\/#website\"},\"primaryImageOfPage\":{\"@id\":\"http:\/\/www.licht-fuer-tibet.de\/patenschaften\/#primaryimage\"},\"datePublished\":\"2015-03-24T13:52:23+00:00\",\"dateModified\":\"2017-05-07T19:48:14+00:00\",\"inLanguage\":\"de\",\"potentialAction\":[{\"@type\":\"ReadAction\",\"target\":[\"http:\/\/www.licht-fuer-tibet.de\/patenschaften\/\"]}]}]}<\/script>\n<!-- \/ Yoast SEO plugin. -->","_links":{"self":[{"href":"http:\/\/friseur-rosenberg.de\/tibet\/wp-json\/wp\/v2\/pages\/89"}],"collection":[{"href":"http:\/\/friseur-rosenberg.de\/tibet\/wp-json\/wp\/v2\/pages"}],"about":[{"href":"http:\/\/friseur-rosenberg.de\/tibet\/wp-json\/wp\/v2\/types\/page"}],"author":[{"embeddable":true,"href":"http:\/\/friseur-rosenberg.de\/tibet\/wp-json\/wp\/v2\/users\/1"}],"replies":[{"embeddable":true,"href":"http:\/\/friseur-rosenberg.de\/tibet\/wp-json\/wp\/v2\/comments?post=89"}],"version-history":[{"count":0,"href":"http:\/\/friseur-rosenberg.de\/tibet\/wp-json\/wp\/v2\/pages\/89\/revisions"}],"wp:attachment":[{"href":"http:\/\/friseur-rosenberg.de\/tibet\/wp-json\/wp\/v2\/media?parent=89"}],"curies":[{"name":"wp","href":"https:\/\/api.w.org\/{rel}","templated":true}]}}