{"id":86,"date":"2015-03-24T14:49:34","date_gmt":"2015-03-24T13:49:34","guid":{"rendered":"http:\/\/friseur-rosenberg.de\/tibet\/?page_id=86"},"modified":"2017-05-07T21:46:41","modified_gmt":"2017-05-07T19:46:41","slug":"lama-tendar","status":"publish","type":"page","link":"http:\/\/friseur-rosenberg.de\/tibet\/ueber-uns\/lama-tendar\/","title":{"rendered":"Lama Tendar"},"content":{"rendered":"<p><img loading=\"lazy\" class=\"alignleft size-full wp-image-87\" src=\"http:\/\/www.licht-fuer-tibet.de\/wp-content\/uploads\/2015\/03\/lamatendar.jpg\" alt=\"lamatendar\" width=\"230\" height=\"234\" \/>Lama Tendar wurde als kleines Kind von seiner Mutter aus der Region Kham in Tibet \u00fcber den Himalaja nach Indien gebracht. In Buthan absolvierte er sein Studium auf der dortigen Universit\u00e4t f\u00fcr Mandala und Stupabau. In Darjeeling erhielt er eine weitere mehrj\u00e4hrige Ausbildung in tibetisch-Buddhistischer Philosophie.<br \/>\nAuf seinen Reisen durch Indien, Singapur, Taiwan, Malaysia, Australien, USA und Deutschland fertigte er mehrere Sandmandalas an und baute Stupas.<\/p>\n<p>Lama Tendar ist ein wichtiger Lehrer des tibetischen Buddhismus mit besonderen F\u00e4higkeiten beim Legen von Mandalas und beim Stupa-Bau. Ein Stupa ist ein Denkmal f\u00fcr Buddha, das mit Reliquien gef\u00fcllt ist. In den Jahren 2006\/ 2007 baute Lama Tendar einen Stupa in Freiburg, der vom Dalai Lama gesegnet wurde.<\/p>\n","protected":false},"excerpt":{"rendered":"<p>Lama Tendar wurde als kleines Kind von seiner Mutter aus der Region Kham in Tibet \u00fcber den Himalaja nach Indien gebracht. In Buthan absolvierte er sein Studium auf der dortigen Universit\u00e4t f\u00fcr Mandala und Stupabau. In Darjeeling erhielt er eine weitere mehrj\u00e4hrige Ausbildung in tibetisch-Buddhistischer Philosophie. Auf seinen Reisen durch Indien, Singapur, Taiwan, Malaysia, Australien,<a class=\"read-more \" href=\"http:\/\/friseur-rosenberg.de\/tibet\/ueber-uns\/lama-tendar\/\" title=\"Read More\"> <span class=\"button default\">Read More<\/span><\/a><\/p>\n","protected":false},"author":1,"featured_media":0,"parent":45,"menu_order":4,"comment_status":"closed","ping_status":"closed","template":"template-left-sidebar.php","meta":{"ngg_post_thumbnail":0},"yoast_head":"<!-- This site is optimized with the Yoast SEO plugin v15.5 - https:\/\/yoast.com\/wordpress\/plugins\/seo\/ -->\n<title>Lama Tendar - Licht f\u00fcr Tibet e. V.<\/title>\n<meta name=\"robots\" content=\"index, follow, max-snippet:-1, max-image-preview:large, max-video-preview:-1\" \/>\n<link rel=\"canonical\" href=\"http:\/\/www.licht-fuer-tibet.de\/ueber-uns\/lama-tendar\/\" \/>\n<meta property=\"og:locale\" content=\"de_DE\" \/>\n<meta property=\"og:type\" content=\"article\" \/>\n<meta property=\"og:title\" content=\"Lama Tendar - Licht f\u00fcr Tibet e. V.\" \/>\n<meta property=\"og:description\" content=\"Lama Tendar wurde als kleines Kind von seiner Mutter aus der Region Kham in Tibet \u00fcber den Himalaja nach Indien gebracht. In Buthan absolvierte er sein Studium auf der dortigen Universit\u00e4t f\u00fcr Mandala und Stupabau. In Darjeeling erhielt er eine weitere mehrj\u00e4hrige Ausbildung in tibetisch-Buddhistischer Philosophie. Auf seinen Reisen durch Indien, Singapur, Taiwan, Malaysia, Australien, Read More\" \/>\n<meta property=\"og:url\" content=\"http:\/\/www.licht-fuer-tibet.de\/ueber-uns\/lama-tendar\/\" \/>\n<meta property=\"og:site_name\" content=\"Licht f\u00fcr Tibet e. V.\" \/>\n<meta property=\"article:modified_time\" content=\"2017-05-07T19:46:41+00:00\" \/>\n<meta property=\"og:image\" content=\"http:\/\/www.licht-fuer-tibet.de\/wp-content\/uploads\/2015\/03\/lamatendar.jpg\" \/>\n<meta name=\"twitter:card\" content=\"summary_large_image\" \/>\n<meta name=\"twitter:label1\" content=\"Gesch\u00e4tzte Lesezeit\">\n\t<meta name=\"twitter:data1\" content=\"0\u00a0Minuten\">\n<script type=\"application\/ld+json\" class=\"yoast-schema-graph\">{\"@context\":\"https:\/\/schema.org\",\"@graph\":[{\"@type\":\"WebSite\",\"@id\":\"http:\/\/www.licht-fuer-tibet.de\/#website\",\"url\":\"http:\/\/www.licht-fuer-tibet.de\/\",\"name\":\"Licht f\\u00fcr Tibet e. V.\",\"description\":\"\",\"potentialAction\":[{\"@type\":\"SearchAction\",\"target\":\"http:\/\/www.licht-fuer-tibet.de\/?s={search_term_string}\",\"query-input\":\"required name=search_term_string\"}],\"inLanguage\":\"de\"},{\"@type\":\"ImageObject\",\"@id\":\"http:\/\/www.licht-fuer-tibet.de\/ueber-uns\/lama-tendar\/#primaryimage\",\"inLanguage\":\"de\",\"url\":\"http:\/\/www.licht-fuer-tibet.de\/wp-content\/uploads\/2015\/03\/lamatendar.jpg\"},{\"@type\":\"WebPage\",\"@id\":\"http:\/\/www.licht-fuer-tibet.de\/ueber-uns\/lama-tendar\/#webpage\",\"url\":\"http:\/\/www.licht-fuer-tibet.de\/ueber-uns\/lama-tendar\/\",\"name\":\"Lama Tendar - Licht f\\u00fcr Tibet e. V.\",\"isPartOf\":{\"@id\":\"http:\/\/www.licht-fuer-tibet.de\/#website\"},\"primaryImageOfPage\":{\"@id\":\"http:\/\/www.licht-fuer-tibet.de\/ueber-uns\/lama-tendar\/#primaryimage\"},\"datePublished\":\"2015-03-24T13:49:34+00:00\",\"dateModified\":\"2017-05-07T19:46:41+00:00\",\"inLanguage\":\"de\",\"potentialAction\":[{\"@type\":\"ReadAction\",\"target\":[\"http:\/\/www.licht-fuer-tibet.de\/ueber-uns\/lama-tendar\/\"]}]}]}<\/script>\n<!-- \/ Yoast SEO plugin. -->","_links":{"self":[{"href":"http:\/\/friseur-rosenberg.de\/tibet\/wp-json\/wp\/v2\/pages\/86"}],"collection":[{"href":"http:\/\/friseur-rosenberg.de\/tibet\/wp-json\/wp\/v2\/pages"}],"about":[{"href":"http:\/\/friseur-rosenberg.de\/tibet\/wp-json\/wp\/v2\/types\/page"}],"author":[{"embeddable":true,"href":"http:\/\/friseur-rosenberg.de\/tibet\/wp-json\/wp\/v2\/users\/1"}],"replies":[{"embeddable":true,"href":"http:\/\/friseur-rosenberg.de\/tibet\/wp-json\/wp\/v2\/comments?post=86"}],"version-history":[{"count":0,"href":"http:\/\/friseur-rosenberg.de\/tibet\/wp-json\/wp\/v2\/pages\/86\/revisions"}],"up":[{"embeddable":true,"href":"http:\/\/friseur-rosenberg.de\/tibet\/wp-json\/wp\/v2\/pages\/45"}],"wp:attachment":[{"href":"http:\/\/friseur-rosenberg.de\/tibet\/wp-json\/wp\/v2\/media?parent=86"}],"curies":[{"name":"wp","href":"https:\/\/api.w.org\/{rel}","templated":true}]}}