{"id":48,"date":"2015-03-24T13:55:49","date_gmt":"2015-03-24T12:55:49","guid":{"rendered":"http:\/\/friseur-rosenberg.de\/tibet\/?page_id=48"},"modified":"2017-05-07T21:46:21","modified_gmt":"2017-05-07T19:46:21","slug":"unsere-ziele","status":"publish","type":"page","link":"http:\/\/friseur-rosenberg.de\/tibet\/ueber-uns\/unsere-ziele\/","title":{"rendered":"unsere Ziele"},"content":{"rendered":"<p><img loading=\"lazy\" class=\"alignleft size-full wp-image-50\" src=\"http:\/\/www.licht-fuer-tibet.de\/wp-content\/uploads\/2015\/03\/unsere_ziele.jpg\" alt=\"unsere_ziele\" width=\"164\" height=\"288\" \/>Unser Verein Licht f\u00fcr Tibet e.V. hat sich als Ziel gesetzt, Tibeterinnen und Tibeter, die im Exil leben, zu unterst\u00fctzen. Immer noch fl\u00fcchten jedes Jahr viele Kinder und Jugendliche von Tibet \u00fcber die verschneiten P\u00e4sse des Himalayas nach Indien. Eine R\u00fcckkehr nach Tibet ist f\u00fcr die Menschen zu gef\u00e4hrlich, darum ist es oftmals ein Abschied f\u00fcr immer von ihrer Heimat und auch von ihren Eltern, Verwandten und Freunden. Hinzu kommt, dass sie auch in Indien keine gesicherte Zukunft haben, weil sie erschwert Arbeit finden und f\u00fcr den Besuch von Schulen oder Ausbildungsst\u00e4tten kein Geld zur Verf\u00fcgung steht. Als zus\u00e4tzliche Belastung f\u00fcr die Fl\u00fcchtlinge kommt hinzu, dass sie ihre Familien sehr vermissen und aus ihrem sozialen Umfeld gerissen worden sind. Darum bem\u00fchen wir uns, ihnen bei Ihrem Neustart im Exil zu helfen und vermitteln Patenschaften f\u00fcr M\u00f6nche, Nonnen, notleidende Familien oder Kinder. Dar\u00fcber hinaus brauchen nicht nur junge Menschen unsere Unterst\u00fctzung, sondern auch alte und kranke Menschen, deren Familien in gro\u00dfer Armut leben und alleine sind.<\/p>\n<p>&nbsp;<\/p>\n<p><em>Unterst\u00fctzen Sie uns mit der \u00dcbernahme einer Patenschaft, einer Geldspende oder werden Sie Mitglied in unserem Verein. Erfahren Sie mehr \u00fcber die M\u00f6glichkeiten, um hilfsbed\u00fcrftige Tibeterinnen und Tibertern zu unterst\u00fctzen.<\/em><\/p>\n","protected":false},"excerpt":{"rendered":"<p>Unser Verein Licht f\u00fcr Tibet e.V. hat sich als Ziel gesetzt, Tibeterinnen und Tibeter, die im Exil leben, zu unterst\u00fctzen. Immer noch fl\u00fcchten jedes Jahr viele Kinder und Jugendliche von Tibet \u00fcber die verschneiten P\u00e4sse des Himalayas nach Indien. Eine R\u00fcckkehr nach Tibet ist f\u00fcr die Menschen zu gef\u00e4hrlich, darum ist es oftmals ein Abschied<a class=\"read-more \" href=\"http:\/\/friseur-rosenberg.de\/tibet\/ueber-uns\/unsere-ziele\/\" title=\"Read More\"> <span class=\"button default\">Read More<\/span><\/a><\/p>\n","protected":false},"author":1,"featured_media":0,"parent":45,"menu_order":0,"comment_status":"closed","ping_status":"closed","template":"template-left-sidebar.php","meta":{"ngg_post_thumbnail":0},"yoast_head":"<!-- This site is optimized with the Yoast SEO plugin v15.5 - https:\/\/yoast.com\/wordpress\/plugins\/seo\/ -->\n<title>unsere Ziele - Licht f\u00fcr Tibet e. V.<\/title>\n<meta name=\"robots\" content=\"index, follow, max-snippet:-1, max-image-preview:large, max-video-preview:-1\" \/>\n<link rel=\"canonical\" href=\"http:\/\/www.licht-fuer-tibet.de\/ueber-uns\/unsere-ziele\/\" \/>\n<meta property=\"og:locale\" content=\"de_DE\" \/>\n<meta property=\"og:type\" content=\"article\" \/>\n<meta property=\"og:title\" content=\"unsere Ziele - Licht f\u00fcr Tibet e. V.\" \/>\n<meta property=\"og:description\" content=\"Unser Verein Licht f\u00fcr Tibet e.V. hat sich als Ziel gesetzt, Tibeterinnen und Tibeter, die im Exil leben, zu unterst\u00fctzen. Immer noch fl\u00fcchten jedes Jahr viele Kinder und Jugendliche von Tibet \u00fcber die verschneiten P\u00e4sse des Himalayas nach Indien. Eine R\u00fcckkehr nach Tibet ist f\u00fcr die Menschen zu gef\u00e4hrlich, darum ist es oftmals ein Abschied Read More\" \/>\n<meta property=\"og:url\" content=\"http:\/\/www.licht-fuer-tibet.de\/ueber-uns\/unsere-ziele\/\" \/>\n<meta property=\"og:site_name\" content=\"Licht f\u00fcr Tibet e. V.\" \/>\n<meta property=\"article:modified_time\" content=\"2017-05-07T19:46:21+00:00\" \/>\n<meta property=\"og:image\" content=\"http:\/\/www.licht-fuer-tibet.de\/wp-content\/uploads\/2015\/03\/unsere_ziele.jpg\" \/>\n<meta name=\"twitter:card\" content=\"summary_large_image\" \/>\n<meta name=\"twitter:label1\" content=\"Gesch\u00e4tzte Lesezeit\">\n\t<meta name=\"twitter:data1\" content=\"1\u00a0Minute\">\n<script type=\"application\/ld+json\" class=\"yoast-schema-graph\">{\"@context\":\"https:\/\/schema.org\",\"@graph\":[{\"@type\":\"WebSite\",\"@id\":\"http:\/\/www.licht-fuer-tibet.de\/#website\",\"url\":\"http:\/\/www.licht-fuer-tibet.de\/\",\"name\":\"Licht f\\u00fcr Tibet e. V.\",\"description\":\"\",\"potentialAction\":[{\"@type\":\"SearchAction\",\"target\":\"http:\/\/www.licht-fuer-tibet.de\/?s={search_term_string}\",\"query-input\":\"required name=search_term_string\"}],\"inLanguage\":\"de\"},{\"@type\":\"ImageObject\",\"@id\":\"http:\/\/www.licht-fuer-tibet.de\/ueber-uns\/unsere-ziele\/#primaryimage\",\"inLanguage\":\"de\",\"url\":\"http:\/\/www.licht-fuer-tibet.de\/wp-content\/uploads\/2015\/03\/unsere_ziele.jpg\"},{\"@type\":\"WebPage\",\"@id\":\"http:\/\/www.licht-fuer-tibet.de\/ueber-uns\/unsere-ziele\/#webpage\",\"url\":\"http:\/\/www.licht-fuer-tibet.de\/ueber-uns\/unsere-ziele\/\",\"name\":\"unsere Ziele - Licht f\\u00fcr Tibet e. V.\",\"isPartOf\":{\"@id\":\"http:\/\/www.licht-fuer-tibet.de\/#website\"},\"primaryImageOfPage\":{\"@id\":\"http:\/\/www.licht-fuer-tibet.de\/ueber-uns\/unsere-ziele\/#primaryimage\"},\"datePublished\":\"2015-03-24T12:55:49+00:00\",\"dateModified\":\"2017-05-07T19:46:21+00:00\",\"inLanguage\":\"de\",\"potentialAction\":[{\"@type\":\"ReadAction\",\"target\":[\"http:\/\/www.licht-fuer-tibet.de\/ueber-uns\/unsere-ziele\/\"]}]}]}<\/script>\n<!-- \/ Yoast SEO plugin. -->","_links":{"self":[{"href":"http:\/\/friseur-rosenberg.de\/tibet\/wp-json\/wp\/v2\/pages\/48"}],"collection":[{"href":"http:\/\/friseur-rosenberg.de\/tibet\/wp-json\/wp\/v2\/pages"}],"about":[{"href":"http:\/\/friseur-rosenberg.de\/tibet\/wp-json\/wp\/v2\/types\/page"}],"author":[{"embeddable":true,"href":"http:\/\/friseur-rosenberg.de\/tibet\/wp-json\/wp\/v2\/users\/1"}],"replies":[{"embeddable":true,"href":"http:\/\/friseur-rosenberg.de\/tibet\/wp-json\/wp\/v2\/comments?post=48"}],"version-history":[{"count":0,"href":"http:\/\/friseur-rosenberg.de\/tibet\/wp-json\/wp\/v2\/pages\/48\/revisions"}],"up":[{"embeddable":true,"href":"http:\/\/friseur-rosenberg.de\/tibet\/wp-json\/wp\/v2\/pages\/45"}],"wp:attachment":[{"href":"http:\/\/friseur-rosenberg.de\/tibet\/wp-json\/wp\/v2\/media?parent=48"}],"curies":[{"name":"wp","href":"https:\/\/api.w.org\/{rel}","templated":true}]}}