{"id":127,"date":"2015-03-24T15:05:09","date_gmt":"2015-03-24T14:05:09","guid":{"rendered":"http:\/\/friseur-rosenberg.de\/tibet\/?page_id=127"},"modified":"2017-05-07T21:48:19","modified_gmt":"2017-05-07T19:48:19","slug":"sponsoren","status":"publish","type":"page","link":"http:\/\/friseur-rosenberg.de\/tibet\/sponsoren\/","title":{"rendered":"Sponsoren"},"content":{"rendered":"<blockquote><p><img loading=\"lazy\" class=\"alignleft size-full wp-image-129\" src=\"http:\/\/www.licht-fuer-tibet.de\/wp-content\/uploads\/2015\/03\/agrastahl.jpg\" alt=\"agrastahl\" width=\"200\" height=\"228\" \/>IA-Flachprodukte namhafter deutscher und europ\u00e4ischer Stahlhersteller. Zulieferer der Automobilindustrie, Elektrotechnik, Klima- und L\u00fcftungsbauer sowie Stahl- und Fassadenbauer in ganz Europa sch\u00e4tzen seit Jahren unsere exzellenten Kontakte. Europaweite Verbindungen erlauben uns auch den nationalen Transport der Werkstoffe.<br \/>\n&nbsp;<br \/>\nAGRA Stahlhandels-GmbH<br \/>\nVilstalstra\u00dfe 84, 92245 K\u00fcmmersbruck<br \/>\nTelefon: 09621 &#8211; 91708 &#8211; 0,\u00a0Fax: 09621 &#8211; 705829<br \/>\nEmail: info@agra-stahlhandel.de<br \/>\n&nbsp;<\/p><\/blockquote>\n<hr \/>\n<blockquote><p><img loading=\"lazy\" class=\"alignleft size-full wp-image-132\" src=\"http:\/\/www.licht-fuer-tibet.de\/wp-content\/uploads\/2015\/03\/spkas.png\" alt=\"spkas\" width=\"210\" height=\"64\" \/>Sparkasse Amberg-Sulzbach<br \/>\nAnstalt des \u00f6ffentlichen Rechts<br \/>\nMarienstra\u00dfe 10<br \/>\n92224 Amberg<\/p><\/blockquote>\n<hr \/>\n<blockquote><p><img loading=\"lazy\" class=\"alignleft size-full wp-image-138\" src=\"http:\/\/www.licht-fuer-tibet.de\/wp-content\/uploads\/2015\/03\/raiba.png\" alt=\"raiba\" width=\"300\" height=\"69\" \/>&nbsp;<br \/>\n&nbsp;<br \/>\n&nbsp;<\/p><\/blockquote>\n<hr \/>\n<h4>Sponsoren des Programmheftes:<\/h4>\n<blockquote><p>Sulzbacher Satzstudio J\u00fcrgen Gradl, Sulzbach-Rosenberg<\/p>\n<p>Tibet-Waren, Raphael Kwiatkowski, N\u00fcrnberg<\/p>\n<p>Erichs Cr\u00eapes, Erich Zwickelbauer, Landau a.d. Isar<\/p>\n<p>Graftikdesign Erwin R\u00f6sel, Sulzbach-Rosenberg<\/p>\n<p>Physiotherapeut Torsten Schwarz, K\u00fcmmersbruck<\/p>\n<p>Weinlokal Centro, Nadja Meier, Sulzbach-Rosenberg<\/p>\n<p>Lions International, Club Amberg-Sulzbach<\/p>\n<p>Raiffeisenbank Sulzbach-Rosenberg eG<\/p>\n<p>Gothaer Versicherung, Klaus Wilde, Sulzbach-Rosenberg<\/p>\n<p>Haare &#038; Mehr, Simone Gradl, Sulzbach-Rosenberg<\/p>\n<p>Gasthof zum Wulfen, Fam. Luber, Sulzbach-Rosenberg<\/p>\n<p>Brauereigasthof Sperber Br\u00e4u GmbH, Sulzbach-Rosenberg<\/p>\n<p>Fischerkleidung GmbH, Schweighausen<\/p>\n<p>Professionelle Photografie Siegfried Niebler, Sulzbach-Rosenberg<\/p>\n<p>Zum Fuchsbeck, Orth-Br\u00e4u GmbH &#038; Co.KG, Sulzbach-Rosenberg<\/p>\n<p>Jach Wolfskin Store. Amberg und Weiden<\/p>\n<p>Bildstudio Fischer, Amberg<\/p>\n<p>Zahnkosmetik &#8211; Die Zahnfee, Stefanie H\u00f6ssl, K\u00fcmmersbruck<\/p>\n<p>Graf Automobile GmbH, Sulzbach-Rosenberg<\/p>\n<p>Cafe B1, Sulzbach-Rosenberg\n<\/p><\/blockquote>\n<hr \/>\n<h4>Wir bedanken uns bei den Radiosendern:<\/h4>\n<blockquote><p><img loading=\"lazy\" class=\"alignnone size-full wp-image-161\" src=\"http:\/\/www.licht-fuer-tibet.de\/wp-content\/uploads\/2015\/03\/radiogalaxy.png\" alt=\"radiogalaxy\" width=\"399\" height=\"43\" \/> <img loading=\"lazy\" class=\"alignnone size-full wp-image-162\" src=\"http:\/\/www.licht-fuer-tibet.de\/wp-content\/uploads\/2015\/03\/ramasuri.gif\" alt=\"ramasuri\" width=\"193\" height=\"256\" \/><\/p><\/blockquote>\n","protected":false},"excerpt":{"rendered":"<p>IA-Flachprodukte namhafter deutscher und europ\u00e4ischer Stahlhersteller. Zulieferer der Automobilindustrie, Elektrotechnik, Klima- und L\u00fcftungsbauer sowie Stahl- und Fassadenbauer in ganz Europa sch\u00e4tzen seit Jahren unsere exzellenten Kontakte. Europaweite Verbindungen erlauben uns auch den nationalen Transport der Werkstoffe. &nbsp; AGRA Stahlhandels-GmbH Vilstalstra\u00dfe 84, 92245 K\u00fcmmersbruck Telefon: 09621 &#8211; 91708 &#8211; 0,\u00a0Fax: 09621 &#8211; 705829 Email: info@agra-stahlhandel.de &nbsp;<a class=\"read-more \" href=\"http:\/\/friseur-rosenberg.de\/tibet\/sponsoren\/\" title=\"Read More\"> <span class=\"button default\">Read More<\/span><\/a><\/p>\n","protected":false},"author":1,"featured_media":0,"parent":0,"menu_order":4,"comment_status":"closed","ping_status":"closed","template":"template-left-sidebar.php","meta":{"ngg_post_thumbnail":0},"yoast_head":"<!-- This site is optimized with the Yoast SEO plugin v15.5 - https:\/\/yoast.com\/wordpress\/plugins\/seo\/ -->\n<title>Sponsoren - Licht f\u00fcr Tibet e. V.<\/title>\n<meta name=\"robots\" content=\"index, follow, max-snippet:-1, max-image-preview:large, max-video-preview:-1\" \/>\n<link rel=\"canonical\" href=\"http:\/\/friseur-rosenberg.de\/tibet\/sponsoren\/\" \/>\n<meta property=\"og:locale\" content=\"de_DE\" \/>\n<meta property=\"og:type\" content=\"article\" \/>\n<meta property=\"og:title\" content=\"Sponsoren - Licht f\u00fcr Tibet e. V.\" \/>\n<meta property=\"og:description\" content=\"IA-Flachprodukte namhafter deutscher und europ\u00e4ischer Stahlhersteller. Zulieferer der Automobilindustrie, Elektrotechnik, Klima- und L\u00fcftungsbauer sowie Stahl- und Fassadenbauer in ganz Europa sch\u00e4tzen seit Jahren unsere exzellenten Kontakte. Europaweite Verbindungen erlauben uns auch den nationalen Transport der Werkstoffe. &nbsp; AGRA Stahlhandels-GmbH Vilstalstra\u00dfe 84, 92245 K\u00fcmmersbruck Telefon: 09621 &#8211; 91708 &#8211; 0,\u00a0Fax: 09621 &#8211; 705829 Email: info@agra-stahlhandel.de &nbsp; Read More\" \/>\n<meta property=\"og:url\" content=\"http:\/\/friseur-rosenberg.de\/tibet\/sponsoren\/\" \/>\n<meta property=\"og:site_name\" content=\"Licht f\u00fcr Tibet e. V.\" \/>\n<meta property=\"article:modified_time\" content=\"2017-05-07T19:48:19+00:00\" \/>\n<meta property=\"og:image\" content=\"http:\/\/www.licht-fuer-tibet.de\/wp-content\/uploads\/2015\/03\/agrastahl.jpg\" \/>\n<meta name=\"twitter:card\" content=\"summary_large_image\" \/>\n<meta name=\"twitter:label1\" content=\"Gesch\u00e4tzte Lesezeit\">\n\t<meta name=\"twitter:data1\" content=\"1\u00a0Minute\">\n<script type=\"application\/ld+json\" class=\"yoast-schema-graph\">{\"@context\":\"https:\/\/schema.org\",\"@graph\":[{\"@type\":\"WebSite\",\"@id\":\"http:\/\/friseur-rosenberg.de\/tibet\/#website\",\"url\":\"http:\/\/friseur-rosenberg.de\/tibet\/\",\"name\":\"Licht f\\u00fcr Tibet e. V.\",\"description\":\"\",\"potentialAction\":[{\"@type\":\"SearchAction\",\"target\":\"http:\/\/friseur-rosenberg.de\/tibet\/?s={search_term_string}\",\"query-input\":\"required name=search_term_string\"}],\"inLanguage\":\"de\"},{\"@type\":\"ImageObject\",\"@id\":\"http:\/\/friseur-rosenberg.de\/tibet\/sponsoren\/#primaryimage\",\"inLanguage\":\"de\",\"url\":\"http:\/\/www.licht-fuer-tibet.de\/wp-content\/uploads\/2015\/03\/agrastahl.jpg\"},{\"@type\":\"WebPage\",\"@id\":\"http:\/\/friseur-rosenberg.de\/tibet\/sponsoren\/#webpage\",\"url\":\"http:\/\/friseur-rosenberg.de\/tibet\/sponsoren\/\",\"name\":\"Sponsoren - Licht f\\u00fcr Tibet e. V.\",\"isPartOf\":{\"@id\":\"http:\/\/friseur-rosenberg.de\/tibet\/#website\"},\"primaryImageOfPage\":{\"@id\":\"http:\/\/friseur-rosenberg.de\/tibet\/sponsoren\/#primaryimage\"},\"datePublished\":\"2015-03-24T14:05:09+00:00\",\"dateModified\":\"2017-05-07T19:48:19+00:00\",\"inLanguage\":\"de\",\"potentialAction\":[{\"@type\":\"ReadAction\",\"target\":[\"http:\/\/friseur-rosenberg.de\/tibet\/sponsoren\/\"]}]}]}<\/script>\n<!-- \/ Yoast SEO plugin. -->","_links":{"self":[{"href":"http:\/\/friseur-rosenberg.de\/tibet\/wp-json\/wp\/v2\/pages\/127"}],"collection":[{"href":"http:\/\/friseur-rosenberg.de\/tibet\/wp-json\/wp\/v2\/pages"}],"about":[{"href":"http:\/\/friseur-rosenberg.de\/tibet\/wp-json\/wp\/v2\/types\/page"}],"author":[{"embeddable":true,"href":"http:\/\/friseur-rosenberg.de\/tibet\/wp-json\/wp\/v2\/users\/1"}],"replies":[{"embeddable":true,"href":"http:\/\/friseur-rosenberg.de\/tibet\/wp-json\/wp\/v2\/comments?post=127"}],"version-history":[{"count":0,"href":"http:\/\/friseur-rosenberg.de\/tibet\/wp-json\/wp\/v2\/pages\/127\/revisions"}],"wp:attachment":[{"href":"http:\/\/friseur-rosenberg.de\/tibet\/wp-json\/wp\/v2\/media?parent=127"}],"curies":[{"name":"wp","href":"https:\/\/api.w.org\/{rel}","templated":true}]}}